{"id":16007,"date":"2025-08-01T14:11:20","date_gmt":"2025-08-01T14:11:20","guid":{"rendered":"https:\/\/www.pivotal.com.tr\/urun\/verre\/"},"modified":"2025-08-01T14:11:20","modified_gmt":"2025-08-01T14:11:20","slug":"verre","status":"publish","type":"product","link":"https:\/\/www.pivotal.com.tr\/fr\/urun\/verre\/","title":{"rendered":"Verre"},"content":{"rendered":"<p data-start=\"851\" data-end=\"889\"><span style=\"font-family: samsung-sans;\">Caract\u00e9ristiques techniques et fonctionnelles<\/span><\/p>\n<ul>\n<li data-start=\"892\" data-end=\"945\"><span style=\"font-family: samsung-sans;\">Diff\u00e9rents types de verre \u2013 tremp\u00e9, feuillet\u00e9, double vitrage<\/span><\/li>\n<li data-start=\"948\" data-end=\"1014\"><span style=\"font-family: samsung-sans;\">Haute r\u00e9sistance aux chocs \u2013 production conforme aux normes de s\u00e9curit\u00e9<\/span><\/li>\n<li data-start=\"1017\" data-end=\"1060\"><span style=\"font-family: samsung-sans;\">Solutions d&rsquo;isolation thermique et acoustique<\/span><\/li>\n<li data-start=\"1063\" data-end=\"1133\"><span style=\"font-family: samsung-sans;\">Large \u00e9ventail d&rsquo;options de design \u2013 transparent, fum\u00e9, bronze, d\u00e9poli, r\u00e9fl\u00e9chissant<\/span><\/li>\n<li data-start=\"1136\" data-end=\"1180\"><span style=\"font-family: samsung-sans;\">Applications optionnelles de motifs et de gravures<\/span><\/li>\n<li data-start=\"1183\" data-end=\"1239\"><span style=\"font-family: samsung-sans;\">Options de verre avec protection UV \u2013 emp\u00eache la d\u00e9coloration<\/span><\/li>\n<li data-start=\"1242\" data-end=\"1274\"><span style=\"font-family: samsung-sans;\">Surface facile \u00e0 nettoyer<\/span><\/li>\n<li data-start=\"1277\" data-end=\"1327\"><span style=\"font-family: samsung-sans;\">R\u00e9sistant \u00e0 l&rsquo;humidit\u00e9 et aux variations de temp\u00e9rature<\/span><\/li>\n<li data-start=\"1330\" data-end=\"1415\"><span style=\"font-family: samsung-sans;\">Int\u00e9gration compl\u00e8te avec les portes pivotantes \u2013 utilisation sur les portes pivotantes, panneaux et portes int\u00e9rieures<\/span><\/li>\n<\/ul>\n","protected":false},"excerpt":{"rendered":"<p data-start=\"29\" data-end=\"468\">Le verre est un mat\u00e9riau \u00e0 surface transparente, translucide ou opaque, utilis\u00e9 dans les syst\u00e8mes de portes comme un \u00e9l\u00e9ment \u00e0 la fois esth\u00e9tique et fonctionnel. Dans l&rsquo;architecture moderne, le verre permet l&rsquo;entr\u00e9e de la lumi\u00e8re naturelle dans les espaces int\u00e9rieurs tout en cr\u00e9ant une int\u00e9grit\u00e9 visuelle entre les espaces. Les verres utilis\u00e9s dans les syst\u00e8mes de portes pivotantes ne sont pas seulement un \u00e9l\u00e9ment esth\u00e9tique, mais sont \u00e9galement pr\u00e9f\u00e9r\u00e9s en tant que composant de haute qualit\u00e9 assurant la s\u00e9curit\u00e9 et l&rsquo;isolation.<\/p>\n<p data-start=\"470\" data-end=\"844\">Dans la production, des technologies de verre tremp\u00e9, feuillet\u00e9 ou double vitrage sont utilis\u00e9es pour assurer une r\u00e9sistance sup\u00e9rieure aux chocs, aux changements de temp\u00e9rature et aux risques de s\u00e9curit\u00e9. Conform\u00e9ment au langage de conception souhait\u00e9, de nombreuses options telles que le verre transparent, fum\u00e9, bronze, r\u00e9fl\u00e9chissant ou d\u00e9poli sont propos\u00e9es. De plus, des motifs, des gravures ou des rev\u00eatements de couleur pouvant \u00eatre appliqu\u00e9s sur les surfaces en verre ajoutent de l&rsquo;originalit\u00e9 \u00e0 la conception de la porte.<\/p>\n","protected":false},"featured_media":16010,"comment_status":"open","ping_status":"closed","template":"","meta":[],"product_brand":[],"product_cat":[947],"product_tag":[],"class_list":{"0":"post-16007","1":"product","2":"type-product","3":"status-publish","4":"has-post-thumbnail","6":"product_cat-kaplamalar","8":"first","9":"instock","10":"shipping-taxable","11":"product-type-simple"},"yoast_head":"<!-- This site is optimized with the Yoast SEO plugin v27.4 - https:\/\/yoast.com\/product\/yoast-seo-wordpress\/ -->\n<title>Verre - Pivotal Door Systems<\/title>\n<meta name=\"robots\" content=\"index, follow, max-snippet:-1, max-image-preview:large, max-video-preview:-1\" \/>\n<link rel=\"canonical\" href=\"https:\/\/www.pivotal.com.tr\/fr\/urun\/verre\/\" \/>\n<meta property=\"og:locale\" content=\"fr_FR\" \/>\n<meta property=\"og:type\" content=\"article\" \/>\n<meta property=\"og:title\" content=\"Verre - Pivotal Door Systems\" \/>\n<meta property=\"og:description\" content=\"Le verre est un mat\u00e9riau \u00e0 surface transparente, translucide ou opaque, utilis\u00e9 dans les syst\u00e8mes de portes comme un \u00e9l\u00e9ment \u00e0 la fois esth\u00e9tique et fonctionnel. Dans l&#039;architecture moderne, le verre permet l&#039;entr\u00e9e de la lumi\u00e8re naturelle dans les espaces int\u00e9rieurs tout en cr\u00e9ant une int\u00e9grit\u00e9 visuelle entre les espaces. Les verres utilis\u00e9s dans les syst\u00e8mes de portes pivotantes ne sont pas seulement un \u00e9l\u00e9ment esth\u00e9tique, mais sont \u00e9galement pr\u00e9f\u00e9r\u00e9s en tant que composant de haute qualit\u00e9 assurant la s\u00e9curit\u00e9 et l&#039;isolation. Dans la production, des technologies de verre tremp\u00e9, feuillet\u00e9 ou double vitrage sont utilis\u00e9es pour assurer une r\u00e9sistance sup\u00e9rieure aux chocs, aux changements de temp\u00e9rature et aux risques de s\u00e9curit\u00e9. Conform\u00e9ment au langage de conception souhait\u00e9, de nombreuses options telles que le verre transparent, fum\u00e9, bronze, r\u00e9fl\u00e9chissant ou d\u00e9poli sont propos\u00e9es. De plus, des motifs, des gravures ou des rev\u00eatements de couleur pouvant \u00eatre appliqu\u00e9s sur les surfaces en verre ajoutent de l&#039;originalit\u00e9 \u00e0 la conception de la porte.\" \/>\n<meta property=\"og:url\" content=\"https:\/\/www.pivotal.com.tr\/fr\/urun\/verre\/\" \/>\n<meta property=\"og:site_name\" content=\"Pivotal Door Systems\" \/>\n<meta property=\"og:image\" content=\"https:\/\/www.pivotal.com.tr\/wp-content\/uploads\/2025\/08\/emaye_boyali_cam_3.webp\" \/>\n\t<meta property=\"og:image:width\" content=\"1000\" \/>\n\t<meta property=\"og:image:height\" content=\"1000\" \/>\n\t<meta property=\"og:image:type\" content=\"image\/webp\" \/>\n<meta name=\"twitter:card\" content=\"summary_large_image\" \/>\n<script type=\"application\/ld+json\" class=\"yoast-schema-graph\">{\"@context\":\"https:\\\/\\\/schema.org\",\"@graph\":[{\"@type\":\"WebPage\",\"@id\":\"https:\\\/\\\/www.pivotal.com.tr\\\/fr\\\/urun\\\/verre\\\/\",\"url\":\"https:\\\/\\\/www.pivotal.com.tr\\\/fr\\\/urun\\\/verre\\\/\",\"name\":\"Verre - Pivotal Door Systems\",\"isPartOf\":{\"@id\":\"https:\\\/\\\/www.pivotal.com.tr\\\/fr\\\/#website\"},\"primaryImageOfPage\":{\"@id\":\"https:\\\/\\\/www.pivotal.com.tr\\\/fr\\\/urun\\\/verre\\\/#primaryimage\"},\"image\":{\"@id\":\"https:\\\/\\\/www.pivotal.com.tr\\\/fr\\\/urun\\\/verre\\\/#primaryimage\"},\"thumbnailUrl\":\"https:\\\/\\\/www.pivotal.com.tr\\\/wp-content\\\/uploads\\\/2025\\\/08\\\/emaye_boyali_cam_3.webp\",\"datePublished\":\"2025-08-01T14:11:20+00:00\",\"breadcrumb\":{\"@id\":\"https:\\\/\\\/www.pivotal.com.tr\\\/fr\\\/urun\\\/verre\\\/#breadcrumb\"},\"inLanguage\":\"fr-FR\",\"potentialAction\":[{\"@type\":\"ReadAction\",\"target\":[\"https:\\\/\\\/www.pivotal.com.tr\\\/fr\\\/urun\\\/verre\\\/\"]}]},{\"@type\":\"ImageObject\",\"inLanguage\":\"fr-FR\",\"@id\":\"https:\\\/\\\/www.pivotal.com.tr\\\/fr\\\/urun\\\/verre\\\/#primaryimage\",\"url\":\"https:\\\/\\\/www.pivotal.com.tr\\\/wp-content\\\/uploads\\\/2025\\\/08\\\/emaye_boyali_cam_3.webp\",\"contentUrl\":\"https:\\\/\\\/www.pivotal.com.tr\\\/wp-content\\\/uploads\\\/2025\\\/08\\\/emaye_boyali_cam_3.webp\",\"width\":1000,\"height\":1000,\"caption\":\"Exemples de verre \u00e9maill\u00e9 color\u00e9\"},{\"@type\":\"BreadcrumbList\",\"@id\":\"https:\\\/\\\/www.pivotal.com.tr\\\/fr\\\/urun\\\/verre\\\/#breadcrumb\",\"itemListElement\":[{\"@type\":\"ListItem\",\"position\":1,\"name\":\"Anasayfa\",\"item\":\"https:\\\/\\\/www.pivotal.com.tr\\\/fr\\\/\"},{\"@type\":\"ListItem\",\"position\":2,\"name\":\"z z z Ma\u011faza\",\"item\":\"https:\\\/\\\/www.pivotal.com.tr\\\/?page_id=7551\"},{\"@type\":\"ListItem\",\"position\":3,\"name\":\"Verre\"}]},{\"@type\":\"WebSite\",\"@id\":\"https:\\\/\\\/www.pivotal.com.tr\\\/fr\\\/#website\",\"url\":\"https:\\\/\\\/www.pivotal.com.tr\\\/fr\\\/\",\"name\":\"Pivotal Door Systems\",\"description\":\"Pivot Kap\u0131 Pivot Door Fritsjurgens\",\"publisher\":{\"@id\":\"https:\\\/\\\/www.pivotal.com.tr\\\/fr\\\/#organization\"},\"potentialAction\":[{\"@type\":\"SearchAction\",\"target\":{\"@type\":\"EntryPoint\",\"urlTemplate\":\"https:\\\/\\\/www.pivotal.com.tr\\\/fr\\\/?s={search_term_string}\"},\"query-input\":{\"@type\":\"PropertyValueSpecification\",\"valueRequired\":true,\"valueName\":\"search_term_string\"}}],\"inLanguage\":\"fr-FR\"},{\"@type\":\"Organization\",\"@id\":\"https:\\\/\\\/www.pivotal.com.tr\\\/fr\\\/#organization\",\"name\":\"Pivotal Door Systems\",\"url\":\"https:\\\/\\\/www.pivotal.com.tr\\\/fr\\\/\",\"logo\":{\"@type\":\"ImageObject\",\"inLanguage\":\"fr-FR\",\"@id\":\"https:\\\/\\\/www.pivotal.com.tr\\\/fr\\\/#\\\/schema\\\/logo\\\/image\\\/\",\"url\":\"https:\\\/\\\/www.pivotal.com.tr\\\/wp-content\\\/uploads\\\/2025\\\/08\\\/favico.png\",\"contentUrl\":\"https:\\\/\\\/www.pivotal.com.tr\\\/wp-content\\\/uploads\\\/2025\\\/08\\\/favico.png\",\"width\":500,\"height\":500,\"caption\":\"Pivotal Door Systems\"},\"image\":{\"@id\":\"https:\\\/\\\/www.pivotal.com.tr\\\/fr\\\/#\\\/schema\\\/logo\\\/image\\\/\"},\"sameAs\":[\"https:\\\/\\\/www.instagram.com\\\/pivotaltr\\\/\"]}]}<\/script>\n<!-- \/ Yoast SEO plugin. -->","yoast_head_json":{"title":"Verre - Pivotal Door Systems","robots":{"index":"index","follow":"follow","max-snippet":"max-snippet:-1","max-image-preview":"max-image-preview:large","max-video-preview":"max-video-preview:-1"},"canonical":"https:\/\/www.pivotal.com.tr\/fr\/urun\/verre\/","og_locale":"fr_FR","og_type":"article","og_title":"Verre - Pivotal Door Systems","og_description":"Le verre est un mat\u00e9riau \u00e0 surface transparente, translucide ou opaque, utilis\u00e9 dans les syst\u00e8mes de portes comme un \u00e9l\u00e9ment \u00e0 la fois esth\u00e9tique et fonctionnel. Dans l'architecture moderne, le verre permet l'entr\u00e9e de la lumi\u00e8re naturelle dans les espaces int\u00e9rieurs tout en cr\u00e9ant une int\u00e9grit\u00e9 visuelle entre les espaces. Les verres utilis\u00e9s dans les syst\u00e8mes de portes pivotantes ne sont pas seulement un \u00e9l\u00e9ment esth\u00e9tique, mais sont \u00e9galement pr\u00e9f\u00e9r\u00e9s en tant que composant de haute qualit\u00e9 assurant la s\u00e9curit\u00e9 et l'isolation. Dans la production, des technologies de verre tremp\u00e9, feuillet\u00e9 ou double vitrage sont utilis\u00e9es pour assurer une r\u00e9sistance sup\u00e9rieure aux chocs, aux changements de temp\u00e9rature et aux risques de s\u00e9curit\u00e9. Conform\u00e9ment au langage de conception souhait\u00e9, de nombreuses options telles que le verre transparent, fum\u00e9, bronze, r\u00e9fl\u00e9chissant ou d\u00e9poli sont propos\u00e9es. De plus, des motifs, des gravures ou des rev\u00eatements de couleur pouvant \u00eatre appliqu\u00e9s sur les surfaces en verre ajoutent de l'originalit\u00e9 \u00e0 la conception de la porte.","og_url":"https:\/\/www.pivotal.com.tr\/fr\/urun\/verre\/","og_site_name":"Pivotal Door Systems","og_image":[{"width":1000,"height":1000,"url":"https:\/\/www.pivotal.com.tr\/wp-content\/uploads\/2025\/08\/emaye_boyali_cam_3.webp","type":"image\/webp"}],"twitter_card":"summary_large_image","schema":{"@context":"https:\/\/schema.org","@graph":[{"@type":"WebPage","@id":"https:\/\/www.pivotal.com.tr\/fr\/urun\/verre\/","url":"https:\/\/www.pivotal.com.tr\/fr\/urun\/verre\/","name":"Verre - Pivotal Door Systems","isPartOf":{"@id":"https:\/\/www.pivotal.com.tr\/fr\/#website"},"primaryImageOfPage":{"@id":"https:\/\/www.pivotal.com.tr\/fr\/urun\/verre\/#primaryimage"},"image":{"@id":"https:\/\/www.pivotal.com.tr\/fr\/urun\/verre\/#primaryimage"},"thumbnailUrl":"https:\/\/www.pivotal.com.tr\/wp-content\/uploads\/2025\/08\/emaye_boyali_cam_3.webp","datePublished":"2025-08-01T14:11:20+00:00","breadcrumb":{"@id":"https:\/\/www.pivotal.com.tr\/fr\/urun\/verre\/#breadcrumb"},"inLanguage":"fr-FR","potentialAction":[{"@type":"ReadAction","target":["https:\/\/www.pivotal.com.tr\/fr\/urun\/verre\/"]}]},{"@type":"ImageObject","inLanguage":"fr-FR","@id":"https:\/\/www.pivotal.com.tr\/fr\/urun\/verre\/#primaryimage","url":"https:\/\/www.pivotal.com.tr\/wp-content\/uploads\/2025\/08\/emaye_boyali_cam_3.webp","contentUrl":"https:\/\/www.pivotal.com.tr\/wp-content\/uploads\/2025\/08\/emaye_boyali_cam_3.webp","width":1000,"height":1000,"caption":"Exemples de verre \u00e9maill\u00e9 color\u00e9"},{"@type":"BreadcrumbList","@id":"https:\/\/www.pivotal.com.tr\/fr\/urun\/verre\/#breadcrumb","itemListElement":[{"@type":"ListItem","position":1,"name":"Anasayfa","item":"https:\/\/www.pivotal.com.tr\/fr\/"},{"@type":"ListItem","position":2,"name":"z z z Ma\u011faza","item":"https:\/\/www.pivotal.com.tr\/?page_id=7551"},{"@type":"ListItem","position":3,"name":"Verre"}]},{"@type":"WebSite","@id":"https:\/\/www.pivotal.com.tr\/fr\/#website","url":"https:\/\/www.pivotal.com.tr\/fr\/","name":"Pivotal Door Systems","description":"Pivot Kap\u0131 Pivot Door Fritsjurgens","publisher":{"@id":"https:\/\/www.pivotal.com.tr\/fr\/#organization"},"potentialAction":[{"@type":"SearchAction","target":{"@type":"EntryPoint","urlTemplate":"https:\/\/www.pivotal.com.tr\/fr\/?s={search_term_string}"},"query-input":{"@type":"PropertyValueSpecification","valueRequired":true,"valueName":"search_term_string"}}],"inLanguage":"fr-FR"},{"@type":"Organization","@id":"https:\/\/www.pivotal.com.tr\/fr\/#organization","name":"Pivotal Door Systems","url":"https:\/\/www.pivotal.com.tr\/fr\/","logo":{"@type":"ImageObject","inLanguage":"fr-FR","@id":"https:\/\/www.pivotal.com.tr\/fr\/#\/schema\/logo\/image\/","url":"https:\/\/www.pivotal.com.tr\/wp-content\/uploads\/2025\/08\/favico.png","contentUrl":"https:\/\/www.pivotal.com.tr\/wp-content\/uploads\/2025\/08\/favico.png","width":500,"height":500,"caption":"Pivotal Door Systems"},"image":{"@id":"https:\/\/www.pivotal.com.tr\/fr\/#\/schema\/logo\/image\/"},"sameAs":["https:\/\/www.instagram.com\/pivotaltr\/"]}]}},"_links":{"self":[{"href":"https:\/\/www.pivotal.com.tr\/fr\/wp-json\/wp\/v2\/product\/16007","targetHints":{"allow":["GET"]}}],"collection":[{"href":"https:\/\/www.pivotal.com.tr\/fr\/wp-json\/wp\/v2\/product"}],"about":[{"href":"https:\/\/www.pivotal.com.tr\/fr\/wp-json\/wp\/v2\/types\/product"}],"replies":[{"embeddable":true,"href":"https:\/\/www.pivotal.com.tr\/fr\/wp-json\/wp\/v2\/comments?post=16007"}],"wp:featuredmedia":[{"embeddable":true,"href":"https:\/\/www.pivotal.com.tr\/fr\/wp-json\/wp\/v2\/media\/16010"}],"wp:attachment":[{"href":"https:\/\/www.pivotal.com.tr\/fr\/wp-json\/wp\/v2\/media?parent=16007"}],"wp:term":[{"taxonomy":"product_brand","embeddable":true,"href":"https:\/\/www.pivotal.com.tr\/fr\/wp-json\/wp\/v2\/product_brand?post=16007"},{"taxonomy":"product_cat","embeddable":true,"href":"https:\/\/www.pivotal.com.tr\/fr\/wp-json\/wp\/v2\/product_cat?post=16007"},{"taxonomy":"product_tag","embeddable":true,"href":"https:\/\/www.pivotal.com.tr\/fr\/wp-json\/wp\/v2\/product_tag?post=16007"}],"curies":[{"name":"wp","href":"https:\/\/api.w.org\/{rel}","templated":true}]}}